{"id":73,"date":"2026-01-15T10:05:58","date_gmt":"2026-01-15T09:05:58","guid":{"rendered":"https:\/\/nosbulbes.curryketchup.be\/?page_id=73"},"modified":"2026-01-29T11:22:44","modified_gmt":"2026-01-29T10:22:44","slug":"evenements","status":"publish","type":"page","link":"https:\/\/creche-nosbulbes.be\/fr\/evenements\/","title":{"rendered":"\u00c9v\u00e9nements"},"content":{"rendered":"","protected":false},"excerpt":{"rendered":"","protected":false},"author":1,"featured_media":122,"parent":0,"menu_order":0,"comment_status":"closed","ping_status":"closed","template":"pages\/events.php","meta":{"_acf_changed":false,"inline_featured_image":false,"footnotes":""},"class_list":["post-73","page","type-page","status-publish","has-post-thumbnail","hentry"],"acf":[],"yoast_head":"<!-- This site is optimized with the Yoast SEO plugin v27.3 - https:\/\/yoast.com\/product\/yoast-seo-wordpress\/ -->\n<title>\u00c9v\u00e9nements - Nos bulbes<\/title>\n<meta name=\"description\" content=\"Cr\u00e8che \u00e0 Etterbeek \u00e0 p\u00e9dagogie active d\u2019une capacit\u00e9 de 21 places, 170 m\u00b2 d\u2019espaces int\u00e9rieurs soigneusement am\u00e9nag\u00e9s ainsi que d\u2019un jardin.\" \/>\n<meta name=\"robots\" content=\"index, follow, max-snippet:-1, max-image-preview:large, max-video-preview:-1\" \/>\n<link rel=\"canonical\" href=\"https:\/\/creche-nosbulbes.be\/fr\/evenements\/\" \/>\n<meta property=\"og:locale\" content=\"fr_FR\" \/>\n<meta property=\"og:type\" content=\"article\" \/>\n<meta property=\"og:title\" content=\"\u00c9v\u00e9nements - Nos bulbes\" \/>\n<meta property=\"og:description\" content=\"Cr\u00e8che \u00e0 Etterbeek \u00e0 p\u00e9dagogie active d\u2019une capacit\u00e9 de 21 places, 170 m\u00b2 d\u2019espaces int\u00e9rieurs soigneusement am\u00e9nag\u00e9s ainsi que d\u2019un jardin.\" \/>\n<meta property=\"og:url\" content=\"https:\/\/creche-nosbulbes.be\/fr\/evenements\/\" \/>\n<meta property=\"og:site_name\" content=\"Nos bulbes\" \/>\n<meta property=\"article:publisher\" content=\"https:\/\/www.facebook.com\/Nos-Bulbes-166890493945872\/\" \/>\n<meta property=\"article:modified_time\" content=\"2026-01-29T10:22:44+00:00\" \/>\n<meta property=\"og:image\" content=\"https:\/\/creche-nosbulbes.be\/wp-content\/uploads\/2026\/01\/thumbnail-nos-bulbes.jpg\" \/>\n\t<meta property=\"og:image:width\" content=\"1280\" \/>\n\t<meta property=\"og:image:height\" content=\"720\" \/>\n\t<meta property=\"og:image:type\" content=\"image\/jpeg\" \/>\n<meta name=\"twitter:card\" content=\"summary_large_image\" \/>\n<meta name=\"twitter:label1\" content=\"Dur\u00e9e de lecture estim\u00e9e\" \/>\n\t<meta name=\"twitter:data1\" content=\"3 minutes\" \/>\n<script type=\"application\/ld+json\" class=\"yoast-schema-graph\">{\"@context\":\"https:\\\/\\\/schema.org\",\"@graph\":[{\"@type\":\"WebPage\",\"@id\":\"https:\\\/\\\/creche-nosbulbes.be\\\/fr\\\/evenements\\\/\",\"url\":\"https:\\\/\\\/creche-nosbulbes.be\\\/fr\\\/evenements\\\/\",\"name\":\"\u00c9v\u00e9nements - Nos bulbes\",\"isPartOf\":{\"@id\":\"https:\\\/\\\/creche-nosbulbes.be\\\/fr\\\/#website\"},\"primaryImageOfPage\":{\"@id\":\"https:\\\/\\\/creche-nosbulbes.be\\\/fr\\\/evenements\\\/#primaryimage\"},\"image\":{\"@id\":\"https:\\\/\\\/creche-nosbulbes.be\\\/fr\\\/evenements\\\/#primaryimage\"},\"thumbnailUrl\":\"https:\\\/\\\/creche-nosbulbes.be\\\/wp-content\\\/uploads\\\/2026\\\/01\\\/thumbnail-nos-bulbes.jpg\",\"datePublished\":\"2026-01-15T09:05:58+00:00\",\"dateModified\":\"2026-01-29T10:22:44+00:00\",\"description\":\"Cr\u00e8che \u00e0 Etterbeek \u00e0 p\u00e9dagogie active d\u2019une capacit\u00e9 de 21 places, 170 m\u00b2 d\u2019espaces int\u00e9rieurs soigneusement am\u00e9nag\u00e9s ainsi que d\u2019un jardin.\",\"breadcrumb\":{\"@id\":\"https:\\\/\\\/creche-nosbulbes.be\\\/fr\\\/evenements\\\/#breadcrumb\"},\"inLanguage\":\"fr-FR\",\"potentialAction\":[{\"@type\":\"ReadAction\",\"target\":[\"https:\\\/\\\/creche-nosbulbes.be\\\/fr\\\/evenements\\\/\"]}]},{\"@type\":\"ImageObject\",\"inLanguage\":\"fr-FR\",\"@id\":\"https:\\\/\\\/creche-nosbulbes.be\\\/fr\\\/evenements\\\/#primaryimage\",\"url\":\"https:\\\/\\\/creche-nosbulbes.be\\\/wp-content\\\/uploads\\\/2026\\\/01\\\/thumbnail-nos-bulbes.jpg\",\"contentUrl\":\"https:\\\/\\\/creche-nosbulbes.be\\\/wp-content\\\/uploads\\\/2026\\\/01\\\/thumbnail-nos-bulbes.jpg\",\"width\":1280,\"height\":720,\"caption\":\"Thumbnail de la cr\u00e8che Nos Bulbes \u00e0 Etterbeek\"},{\"@type\":\"BreadcrumbList\",\"@id\":\"https:\\\/\\\/creche-nosbulbes.be\\\/fr\\\/evenements\\\/#breadcrumb\",\"itemListElement\":[{\"@type\":\"ListItem\",\"position\":1,\"name\":\"Accueil\",\"item\":\"https:\\\/\\\/creche-nosbulbes.be\\\/fr\\\/\"},{\"@type\":\"ListItem\",\"position\":2,\"name\":\"\u00c9v\u00e9nements\"}]},{\"@type\":\"WebSite\",\"@id\":\"https:\\\/\\\/creche-nosbulbes.be\\\/fr\\\/#website\",\"url\":\"https:\\\/\\\/creche-nosbulbes.be\\\/fr\\\/\",\"name\":\"Nos bulbes\",\"description\":\"Cr\u00e8che \u00e0 Etterbeek\",\"publisher\":{\"@id\":\"https:\\\/\\\/creche-nosbulbes.be\\\/fr\\\/#organization\"},\"potentialAction\":[{\"@type\":\"SearchAction\",\"target\":{\"@type\":\"EntryPoint\",\"urlTemplate\":\"https:\\\/\\\/creche-nosbulbes.be\\\/fr\\\/?s={search_term_string}\"},\"query-input\":{\"@type\":\"PropertyValueSpecification\",\"valueRequired\":true,\"valueName\":\"search_term_string\"}}],\"inLanguage\":\"fr-FR\"},{\"@type\":\"Organization\",\"@id\":\"https:\\\/\\\/creche-nosbulbes.be\\\/fr\\\/#organization\",\"name\":\"Nos bulbes\",\"url\":\"https:\\\/\\\/creche-nosbulbes.be\\\/fr\\\/\",\"logo\":{\"@type\":\"ImageObject\",\"inLanguage\":\"fr-FR\",\"@id\":\"https:\\\/\\\/creche-nosbulbes.be\\\/fr\\\/#\\\/schema\\\/logo\\\/image\\\/\",\"url\":\"https:\\\/\\\/creche-nosbulbes.be\\\/wp-content\\\/uploads\\\/2026\\\/01\\\/Logo-SEO-1.jpg\",\"contentUrl\":\"https:\\\/\\\/creche-nosbulbes.be\\\/wp-content\\\/uploads\\\/2026\\\/01\\\/Logo-SEO-1.jpg\",\"width\":400,\"height\":400,\"caption\":\"Nos bulbes\"},\"image\":{\"@id\":\"https:\\\/\\\/creche-nosbulbes.be\\\/fr\\\/#\\\/schema\\\/logo\\\/image\\\/\"},\"sameAs\":[\"https:\\\/\\\/www.facebook.com\\\/Nos-Bulbes-166890493945872\\\/\",\"https:\\\/\\\/www.instagram.com\\\/crechenosbulbes\\\/\"]}]}<\/script>\n<!-- \/ Yoast SEO plugin. -->","yoast_head_json":{"title":"\u00c9v\u00e9nements - Nos bulbes","description":"Cr\u00e8che \u00e0 Etterbeek \u00e0 p\u00e9dagogie active d\u2019une capacit\u00e9 de 21 places, 170 m\u00b2 d\u2019espaces int\u00e9rieurs soigneusement am\u00e9nag\u00e9s ainsi que d\u2019un jardin.","robots":{"index":"index","follow":"follow","max-snippet":"max-snippet:-1","max-image-preview":"max-image-preview:large","max-video-preview":"max-video-preview:-1"},"canonical":"https:\/\/creche-nosbulbes.be\/fr\/evenements\/","og_locale":"fr_FR","og_type":"article","og_title":"\u00c9v\u00e9nements - Nos bulbes","og_description":"Cr\u00e8che \u00e0 Etterbeek \u00e0 p\u00e9dagogie active d\u2019une capacit\u00e9 de 21 places, 170 m\u00b2 d\u2019espaces int\u00e9rieurs soigneusement am\u00e9nag\u00e9s ainsi que d\u2019un jardin.","og_url":"https:\/\/creche-nosbulbes.be\/fr\/evenements\/","og_site_name":"Nos bulbes","article_publisher":"https:\/\/www.facebook.com\/Nos-Bulbes-166890493945872\/","article_modified_time":"2026-01-29T10:22:44+00:00","og_image":[{"width":1280,"height":720,"url":"https:\/\/creche-nosbulbes.be\/wp-content\/uploads\/2026\/01\/thumbnail-nos-bulbes.jpg","type":"image\/jpeg"}],"twitter_card":"summary_large_image","twitter_misc":{"Dur\u00e9e de lecture estim\u00e9e":"3 minutes"},"schema":{"@context":"https:\/\/schema.org","@graph":[{"@type":"WebPage","@id":"https:\/\/creche-nosbulbes.be\/fr\/evenements\/","url":"https:\/\/creche-nosbulbes.be\/fr\/evenements\/","name":"\u00c9v\u00e9nements - Nos bulbes","isPartOf":{"@id":"https:\/\/creche-nosbulbes.be\/fr\/#website"},"primaryImageOfPage":{"@id":"https:\/\/creche-nosbulbes.be\/fr\/evenements\/#primaryimage"},"image":{"@id":"https:\/\/creche-nosbulbes.be\/fr\/evenements\/#primaryimage"},"thumbnailUrl":"https:\/\/creche-nosbulbes.be\/wp-content\/uploads\/2026\/01\/thumbnail-nos-bulbes.jpg","datePublished":"2026-01-15T09:05:58+00:00","dateModified":"2026-01-29T10:22:44+00:00","description":"Cr\u00e8che \u00e0 Etterbeek \u00e0 p\u00e9dagogie active d\u2019une capacit\u00e9 de 21 places, 170 m\u00b2 d\u2019espaces int\u00e9rieurs soigneusement am\u00e9nag\u00e9s ainsi que d\u2019un jardin.","breadcrumb":{"@id":"https:\/\/creche-nosbulbes.be\/fr\/evenements\/#breadcrumb"},"inLanguage":"fr-FR","potentialAction":[{"@type":"ReadAction","target":["https:\/\/creche-nosbulbes.be\/fr\/evenements\/"]}]},{"@type":"ImageObject","inLanguage":"fr-FR","@id":"https:\/\/creche-nosbulbes.be\/fr\/evenements\/#primaryimage","url":"https:\/\/creche-nosbulbes.be\/wp-content\/uploads\/2026\/01\/thumbnail-nos-bulbes.jpg","contentUrl":"https:\/\/creche-nosbulbes.be\/wp-content\/uploads\/2026\/01\/thumbnail-nos-bulbes.jpg","width":1280,"height":720,"caption":"Thumbnail de la cr\u00e8che Nos Bulbes \u00e0 Etterbeek"},{"@type":"BreadcrumbList","@id":"https:\/\/creche-nosbulbes.be\/fr\/evenements\/#breadcrumb","itemListElement":[{"@type":"ListItem","position":1,"name":"Accueil","item":"https:\/\/creche-nosbulbes.be\/fr\/"},{"@type":"ListItem","position":2,"name":"\u00c9v\u00e9nements"}]},{"@type":"WebSite","@id":"https:\/\/creche-nosbulbes.be\/fr\/#website","url":"https:\/\/creche-nosbulbes.be\/fr\/","name":"Nos bulbes","description":"Cr\u00e8che \u00e0 Etterbeek","publisher":{"@id":"https:\/\/creche-nosbulbes.be\/fr\/#organization"},"potentialAction":[{"@type":"SearchAction","target":{"@type":"EntryPoint","urlTemplate":"https:\/\/creche-nosbulbes.be\/fr\/?s={search_term_string}"},"query-input":{"@type":"PropertyValueSpecification","valueRequired":true,"valueName":"search_term_string"}}],"inLanguage":"fr-FR"},{"@type":"Organization","@id":"https:\/\/creche-nosbulbes.be\/fr\/#organization","name":"Nos bulbes","url":"https:\/\/creche-nosbulbes.be\/fr\/","logo":{"@type":"ImageObject","inLanguage":"fr-FR","@id":"https:\/\/creche-nosbulbes.be\/fr\/#\/schema\/logo\/image\/","url":"https:\/\/creche-nosbulbes.be\/wp-content\/uploads\/2026\/01\/Logo-SEO-1.jpg","contentUrl":"https:\/\/creche-nosbulbes.be\/wp-content\/uploads\/2026\/01\/Logo-SEO-1.jpg","width":400,"height":400,"caption":"Nos bulbes"},"image":{"@id":"https:\/\/creche-nosbulbes.be\/fr\/#\/schema\/logo\/image\/"},"sameAs":["https:\/\/www.facebook.com\/Nos-Bulbes-166890493945872\/","https:\/\/www.instagram.com\/crechenosbulbes\/"]}]}},"_links":{"self":[{"href":"https:\/\/creche-nosbulbes.be\/fr\/wp-json\/wp\/v2\/pages\/73","targetHints":{"allow":["GET"]}}],"collection":[{"href":"https:\/\/creche-nosbulbes.be\/fr\/wp-json\/wp\/v2\/pages"}],"about":[{"href":"https:\/\/creche-nosbulbes.be\/fr\/wp-json\/wp\/v2\/types\/page"}],"author":[{"embeddable":true,"href":"https:\/\/creche-nosbulbes.be\/fr\/wp-json\/wp\/v2\/users\/1"}],"replies":[{"embeddable":true,"href":"https:\/\/creche-nosbulbes.be\/fr\/wp-json\/wp\/v2\/comments?post=73"}],"version-history":[{"count":10,"href":"https:\/\/creche-nosbulbes.be\/fr\/wp-json\/wp\/v2\/pages\/73\/revisions"}],"predecessor-version":[{"id":395,"href":"https:\/\/creche-nosbulbes.be\/fr\/wp-json\/wp\/v2\/pages\/73\/revisions\/395"}],"wp:featuredmedia":[{"embeddable":true,"href":"https:\/\/creche-nosbulbes.be\/fr\/wp-json\/wp\/v2\/media\/122"}],"wp:attachment":[{"href":"https:\/\/creche-nosbulbes.be\/fr\/wp-json\/wp\/v2\/media?parent=73"}],"curies":[{"name":"wp","href":"https:\/\/api.w.org\/{rel}","templated":true}]}}