{"id":2,"date":"2026-01-13T13:36:57","date_gmt":"2026-01-13T12:36:57","guid":{"rendered":"https:\/\/nosbulbes.curryketchup.be\/?page_id=2"},"modified":"2026-01-27T16:07:37","modified_gmt":"2026-01-27T15:07:37","slug":"accueil","status":"publish","type":"page","link":"https:\/\/creche-nosbulbes.be\/fr\/","title":{"rendered":"Accueil"},"content":{"rendered":"","protected":false},"excerpt":{"rendered":"","protected":false},"author":1,"featured_media":122,"parent":0,"menu_order":0,"comment_status":"closed","ping_status":"closed","template":"pages\/home.php","meta":{"_acf_changed":false,"inline_featured_image":false,"footnotes":""},"class_list":["post-2","page","type-page","status-publish","has-post-thumbnail","hentry"],"acf":[],"yoast_head":"<!-- This site is optimized with the Yoast SEO plugin v27.3 - https:\/\/yoast.com\/product\/yoast-seo-wordpress\/ -->\n<title>Cr\u00e8che \u00e0 Etterbeek - Nos bulbes - Places disponibles<\/title>\n<meta name=\"description\" content=\"Cr\u00e8che \u00e0 Etterbeek \u00e0 p\u00e9dagogie active d\u2019une capacit\u00e9 de 21 places, 170 m\u00b2 d\u2019espaces int\u00e9rieurs soigneusement am\u00e9nag\u00e9s ainsi que d\u2019un jardin.\" \/>\n<meta name=\"robots\" content=\"index, follow, max-snippet:-1, max-image-preview:large, max-video-preview:-1\" \/>\n<link rel=\"canonical\" href=\"https:\/\/creche-nosbulbes.be\/fr\/\" \/>\n<meta property=\"og:locale\" content=\"fr_FR\" \/>\n<meta property=\"og:type\" content=\"article\" \/>\n<meta property=\"og:title\" content=\"Cr\u00e8che \u00e0 Etterbeek - Nos bulbes - Places disponibles\" \/>\n<meta property=\"og:description\" content=\"Cr\u00e8che \u00e0 Etterbeek \u00e0 p\u00e9dagogie active d\u2019une capacit\u00e9 de 21 places, 170 m\u00b2 d\u2019espaces int\u00e9rieurs soigneusement am\u00e9nag\u00e9s ainsi que d\u2019un jardin.\" \/>\n<meta property=\"og:url\" content=\"https:\/\/creche-nosbulbes.be\/fr\/\" \/>\n<meta property=\"og:site_name\" content=\"Nos bulbes\" \/>\n<meta property=\"article:publisher\" content=\"https:\/\/www.facebook.com\/Nos-Bulbes-166890493945872\/\" \/>\n<meta property=\"article:modified_time\" content=\"2026-01-27T15:07:37+00:00\" \/>\n<meta property=\"og:image\" content=\"https:\/\/creche-nosbulbes.be\/wp-content\/uploads\/2026\/01\/thumbnail-nos-bulbes.jpg\" \/>\n\t<meta property=\"og:image:width\" content=\"1280\" \/>\n\t<meta property=\"og:image:height\" content=\"720\" \/>\n\t<meta property=\"og:image:type\" content=\"image\/jpeg\" \/>\n<meta name=\"twitter:card\" content=\"summary_large_image\" \/>\n<meta name=\"twitter:label1\" content=\"Dur\u00e9e de lecture estim\u00e9e\" \/>\n\t<meta name=\"twitter:data1\" content=\"6 minutes\" \/>\n<script type=\"application\/ld+json\" class=\"yoast-schema-graph\">{\"@context\":\"https:\\\/\\\/schema.org\",\"@graph\":[{\"@type\":\"WebPage\",\"@id\":\"https:\\\/\\\/creche-nosbulbes.be\\\/fr\\\/\",\"url\":\"https:\\\/\\\/creche-nosbulbes.be\\\/fr\\\/\",\"name\":\"Cr\u00e8che \u00e0 Etterbeek - Nos bulbes - Places disponibles\",\"isPartOf\":{\"@id\":\"https:\\\/\\\/creche-nosbulbes.be\\\/fr\\\/#website\"},\"primaryImageOfPage\":{\"@id\":\"https:\\\/\\\/creche-nosbulbes.be\\\/fr\\\/#primaryimage\"},\"image\":{\"@id\":\"https:\\\/\\\/creche-nosbulbes.be\\\/fr\\\/#primaryimage\"},\"thumbnailUrl\":\"https:\\\/\\\/creche-nosbulbes.be\\\/wp-content\\\/uploads\\\/2026\\\/01\\\/thumbnail-nos-bulbes.jpg\",\"datePublished\":\"2026-01-13T12:36:57+00:00\",\"dateModified\":\"2026-01-27T15:07:37+00:00\",\"description\":\"Cr\u00e8che \u00e0 Etterbeek \u00e0 p\u00e9dagogie active d\u2019une capacit\u00e9 de 21 places, 170 m\u00b2 d\u2019espaces int\u00e9rieurs soigneusement am\u00e9nag\u00e9s ainsi que d\u2019un jardin.\",\"breadcrumb\":{\"@id\":\"https:\\\/\\\/creche-nosbulbes.be\\\/fr\\\/#breadcrumb\"},\"inLanguage\":\"fr-FR\",\"potentialAction\":[{\"@type\":\"ReadAction\",\"target\":[\"https:\\\/\\\/creche-nosbulbes.be\\\/fr\\\/\"]}]},{\"@type\":\"ImageObject\",\"inLanguage\":\"fr-FR\",\"@id\":\"https:\\\/\\\/creche-nosbulbes.be\\\/fr\\\/#primaryimage\",\"url\":\"https:\\\/\\\/creche-nosbulbes.be\\\/wp-content\\\/uploads\\\/2026\\\/01\\\/thumbnail-nos-bulbes.jpg\",\"contentUrl\":\"https:\\\/\\\/creche-nosbulbes.be\\\/wp-content\\\/uploads\\\/2026\\\/01\\\/thumbnail-nos-bulbes.jpg\",\"width\":1280,\"height\":720,\"caption\":\"Thumbnail de la cr\u00e8che Nos Bulbes \u00e0 Etterbeek\"},{\"@type\":\"BreadcrumbList\",\"@id\":\"https:\\\/\\\/creche-nosbulbes.be\\\/fr\\\/#breadcrumb\",\"itemListElement\":[{\"@type\":\"ListItem\",\"position\":1,\"name\":\"Accueil\",\"item\":\"https:\\\/\\\/creche-nosbulbes.be\\\/fr\\\/\"},{\"@type\":\"ListItem\",\"position\":2,\"name\":\"Accueil\"}]},{\"@type\":\"WebSite\",\"@id\":\"https:\\\/\\\/creche-nosbulbes.be\\\/fr\\\/#website\",\"url\":\"https:\\\/\\\/creche-nosbulbes.be\\\/fr\\\/\",\"name\":\"Nos bulbes\",\"description\":\"Cr\u00e8che \u00e0 Etterbeek\",\"publisher\":{\"@id\":\"https:\\\/\\\/creche-nosbulbes.be\\\/fr\\\/#organization\"},\"potentialAction\":[{\"@type\":\"SearchAction\",\"target\":{\"@type\":\"EntryPoint\",\"urlTemplate\":\"https:\\\/\\\/creche-nosbulbes.be\\\/fr\\\/?s={search_term_string}\"},\"query-input\":{\"@type\":\"PropertyValueSpecification\",\"valueRequired\":true,\"valueName\":\"search_term_string\"}}],\"inLanguage\":\"fr-FR\"},{\"@type\":\"Organization\",\"@id\":\"https:\\\/\\\/creche-nosbulbes.be\\\/fr\\\/#organization\",\"name\":\"Nos bulbes\",\"url\":\"https:\\\/\\\/creche-nosbulbes.be\\\/fr\\\/\",\"logo\":{\"@type\":\"ImageObject\",\"inLanguage\":\"fr-FR\",\"@id\":\"https:\\\/\\\/creche-nosbulbes.be\\\/fr\\\/#\\\/schema\\\/logo\\\/image\\\/\",\"url\":\"https:\\\/\\\/creche-nosbulbes.be\\\/wp-content\\\/uploads\\\/2026\\\/01\\\/Logo-SEO-1.jpg\",\"contentUrl\":\"https:\\\/\\\/creche-nosbulbes.be\\\/wp-content\\\/uploads\\\/2026\\\/01\\\/Logo-SEO-1.jpg\",\"width\":400,\"height\":400,\"caption\":\"Nos bulbes\"},\"image\":{\"@id\":\"https:\\\/\\\/creche-nosbulbes.be\\\/fr\\\/#\\\/schema\\\/logo\\\/image\\\/\"},\"sameAs\":[\"https:\\\/\\\/www.facebook.com\\\/Nos-Bulbes-166890493945872\\\/\",\"https:\\\/\\\/www.instagram.com\\\/crechenosbulbes\\\/\"]}]}<\/script>\n<!-- \/ Yoast SEO plugin. -->","yoast_head_json":{"title":"Cr\u00e8che \u00e0 Etterbeek - Nos bulbes - Places disponibles","description":"Cr\u00e8che \u00e0 Etterbeek \u00e0 p\u00e9dagogie active d\u2019une capacit\u00e9 de 21 places, 170 m\u00b2 d\u2019espaces int\u00e9rieurs soigneusement am\u00e9nag\u00e9s ainsi que d\u2019un jardin.","robots":{"index":"index","follow":"follow","max-snippet":"max-snippet:-1","max-image-preview":"max-image-preview:large","max-video-preview":"max-video-preview:-1"},"canonical":"https:\/\/creche-nosbulbes.be\/fr\/","og_locale":"fr_FR","og_type":"article","og_title":"Cr\u00e8che \u00e0 Etterbeek - Nos bulbes - Places disponibles","og_description":"Cr\u00e8che \u00e0 Etterbeek \u00e0 p\u00e9dagogie active d\u2019une capacit\u00e9 de 21 places, 170 m\u00b2 d\u2019espaces int\u00e9rieurs soigneusement am\u00e9nag\u00e9s ainsi que d\u2019un jardin.","og_url":"https:\/\/creche-nosbulbes.be\/fr\/","og_site_name":"Nos bulbes","article_publisher":"https:\/\/www.facebook.com\/Nos-Bulbes-166890493945872\/","article_modified_time":"2026-01-27T15:07:37+00:00","og_image":[{"width":1280,"height":720,"url":"https:\/\/creche-nosbulbes.be\/wp-content\/uploads\/2026\/01\/thumbnail-nos-bulbes.jpg","type":"image\/jpeg"}],"twitter_card":"summary_large_image","twitter_misc":{"Dur\u00e9e de lecture estim\u00e9e":"6 minutes"},"schema":{"@context":"https:\/\/schema.org","@graph":[{"@type":"WebPage","@id":"https:\/\/creche-nosbulbes.be\/fr\/","url":"https:\/\/creche-nosbulbes.be\/fr\/","name":"Cr\u00e8che \u00e0 Etterbeek - Nos bulbes - Places disponibles","isPartOf":{"@id":"https:\/\/creche-nosbulbes.be\/fr\/#website"},"primaryImageOfPage":{"@id":"https:\/\/creche-nosbulbes.be\/fr\/#primaryimage"},"image":{"@id":"https:\/\/creche-nosbulbes.be\/fr\/#primaryimage"},"thumbnailUrl":"https:\/\/creche-nosbulbes.be\/wp-content\/uploads\/2026\/01\/thumbnail-nos-bulbes.jpg","datePublished":"2026-01-13T12:36:57+00:00","dateModified":"2026-01-27T15:07:37+00:00","description":"Cr\u00e8che \u00e0 Etterbeek \u00e0 p\u00e9dagogie active d\u2019une capacit\u00e9 de 21 places, 170 m\u00b2 d\u2019espaces int\u00e9rieurs soigneusement am\u00e9nag\u00e9s ainsi que d\u2019un jardin.","breadcrumb":{"@id":"https:\/\/creche-nosbulbes.be\/fr\/#breadcrumb"},"inLanguage":"fr-FR","potentialAction":[{"@type":"ReadAction","target":["https:\/\/creche-nosbulbes.be\/fr\/"]}]},{"@type":"ImageObject","inLanguage":"fr-FR","@id":"https:\/\/creche-nosbulbes.be\/fr\/#primaryimage","url":"https:\/\/creche-nosbulbes.be\/wp-content\/uploads\/2026\/01\/thumbnail-nos-bulbes.jpg","contentUrl":"https:\/\/creche-nosbulbes.be\/wp-content\/uploads\/2026\/01\/thumbnail-nos-bulbes.jpg","width":1280,"height":720,"caption":"Thumbnail de la cr\u00e8che Nos Bulbes \u00e0 Etterbeek"},{"@type":"BreadcrumbList","@id":"https:\/\/creche-nosbulbes.be\/fr\/#breadcrumb","itemListElement":[{"@type":"ListItem","position":1,"name":"Accueil","item":"https:\/\/creche-nosbulbes.be\/fr\/"},{"@type":"ListItem","position":2,"name":"Accueil"}]},{"@type":"WebSite","@id":"https:\/\/creche-nosbulbes.be\/fr\/#website","url":"https:\/\/creche-nosbulbes.be\/fr\/","name":"Nos bulbes","description":"Cr\u00e8che \u00e0 Etterbeek","publisher":{"@id":"https:\/\/creche-nosbulbes.be\/fr\/#organization"},"potentialAction":[{"@type":"SearchAction","target":{"@type":"EntryPoint","urlTemplate":"https:\/\/creche-nosbulbes.be\/fr\/?s={search_term_string}"},"query-input":{"@type":"PropertyValueSpecification","valueRequired":true,"valueName":"search_term_string"}}],"inLanguage":"fr-FR"},{"@type":"Organization","@id":"https:\/\/creche-nosbulbes.be\/fr\/#organization","name":"Nos bulbes","url":"https:\/\/creche-nosbulbes.be\/fr\/","logo":{"@type":"ImageObject","inLanguage":"fr-FR","@id":"https:\/\/creche-nosbulbes.be\/fr\/#\/schema\/logo\/image\/","url":"https:\/\/creche-nosbulbes.be\/wp-content\/uploads\/2026\/01\/Logo-SEO-1.jpg","contentUrl":"https:\/\/creche-nosbulbes.be\/wp-content\/uploads\/2026\/01\/Logo-SEO-1.jpg","width":400,"height":400,"caption":"Nos bulbes"},"image":{"@id":"https:\/\/creche-nosbulbes.be\/fr\/#\/schema\/logo\/image\/"},"sameAs":["https:\/\/www.facebook.com\/Nos-Bulbes-166890493945872\/","https:\/\/www.instagram.com\/crechenosbulbes\/"]}]}},"_links":{"self":[{"href":"https:\/\/creche-nosbulbes.be\/fr\/wp-json\/wp\/v2\/pages\/2","targetHints":{"allow":["GET"]}}],"collection":[{"href":"https:\/\/creche-nosbulbes.be\/fr\/wp-json\/wp\/v2\/pages"}],"about":[{"href":"https:\/\/creche-nosbulbes.be\/fr\/wp-json\/wp\/v2\/types\/page"}],"author":[{"embeddable":true,"href":"https:\/\/creche-nosbulbes.be\/fr\/wp-json\/wp\/v2\/users\/1"}],"replies":[{"embeddable":true,"href":"https:\/\/creche-nosbulbes.be\/fr\/wp-json\/wp\/v2\/comments?post=2"}],"version-history":[{"count":19,"href":"https:\/\/creche-nosbulbes.be\/fr\/wp-json\/wp\/v2\/pages\/2\/revisions"}],"predecessor-version":[{"id":381,"href":"https:\/\/creche-nosbulbes.be\/fr\/wp-json\/wp\/v2\/pages\/2\/revisions\/381"}],"wp:featuredmedia":[{"embeddable":true,"href":"https:\/\/creche-nosbulbes.be\/fr\/wp-json\/wp\/v2\/media\/122"}],"wp:attachment":[{"href":"https:\/\/creche-nosbulbes.be\/fr\/wp-json\/wp\/v2\/media?parent=2"}],"curies":[{"name":"wp","href":"https:\/\/api.w.org\/{rel}","templated":true}]}}